{"id":1061,"date":"2024-02-23T11:50:03","date_gmt":"2024-02-23T10:50:03","guid":{"rendered":"https:\/\/www.swissprivateschoolregister.com\/mentions-legales\/"},"modified":"2024-07-22T22:43:15","modified_gmt":"2024-07-22T20:43:15","slug":"mentions-legales","status":"publish","type":"page","link":"https:\/\/www.swissprivateschoolregister.com\/fr\/mentions-legales\/","title":{"rendered":"Mentions l\u00e9gales"},"content":{"rendered":"\t\t<div data-elementor-type=\"wp-page\" data-elementor-id=\"1061\" class=\"elementor elementor-1061 elementor-430\" data-elementor-post-type=\"page\">\n\t\t\t\t<div class=\"elementor-element elementor-element-b5670bf e-flex e-con-boxed e-con e-parent\" data-id=\"b5670bf\" data-element_type=\"container\" data-e-type=\"container\">\n\t\t\t\t\t<div class=\"e-con-inner\">\n\t\t\t\t<div class=\"elementor-element elementor-element-a8e25cf elementor-widget elementor-widget-heading\" data-id=\"a8e25cf\" data-element_type=\"widget\" data-e-type=\"widget\" data-widget_type=\"heading.default\">\n\t\t\t\t<div class=\"elementor-widget-container\">\n\t\t\t\t\t<h2 class=\"elementor-heading-title elementor-size-default\">Mentions l\u00e9gales<\/h2>\t\t\t\t<\/div>\n\t\t\t\t<\/div>\n\t\t\t\t<div class=\"elementor-element elementor-element-225d3e7 elementor-view-default elementor-widget elementor-widget-icon\" data-id=\"225d3e7\" data-element_type=\"widget\" data-e-type=\"widget\" data-widget_type=\"icon.default\">\n\t\t\t\t<div class=\"elementor-widget-container\">\n\t\t\t\t\t\t\t<div class=\"elementor-icon-wrapper\">\n\t\t\t<div class=\"elementor-icon\">\n\t\t\t<svg xmlns=\"http:\/\/www.w3.org\/2000\/svg\" width=\"116\" height=\"6\" viewBox=\"0 0 116 6\" fill=\"none\"><rect y=\"0.000610352\" width=\"6\" height=\"6\" rx=\"3\" fill=\"#6D8EB0\"><\/rect><rect x=\"16\" y=\"0.000610352\" width=\"6\" height=\"6\" rx=\"3\" fill=\"#6D8EB0\"><\/rect><rect x=\"32\" y=\"0.000610352\" width=\"6\" height=\"6\" rx=\"3\" fill=\"#6D8EB0\"><\/rect><rect x=\"48\" y=\"0.000610352\" width=\"6\" height=\"6\" rx=\"3\" fill=\"#6D8EB0\"><\/rect><rect x=\"62\" y=\"0.000610352\" width=\"6\" height=\"6\" rx=\"3\" fill=\"#6D8EB0\"><\/rect><rect x=\"78\" y=\"0.000610352\" width=\"6\" height=\"6\" rx=\"3\" fill=\"#6D8EB0\"><\/rect><rect x=\"94\" y=\"0.000610352\" width=\"6\" height=\"6\" rx=\"3\" fill=\"#6D8EB0\"><\/rect><rect x=\"110\" y=\"0.000610352\" width=\"6\" height=\"6\" rx=\"3\" fill=\"#6D8EB0\"><\/rect><\/svg>\t\t\t<\/div>\n\t\t<\/div>\n\t\t\t\t\t\t<\/div>\n\t\t\t\t<\/div>\n\t\t\t\t<div class=\"elementor-element elementor-element-8b8ef40 elementor-widget elementor-widget-text-editor\" data-id=\"8b8ef40\" data-element_type=\"widget\" data-e-type=\"widget\" data-widget_type=\"text-editor.default\">\n\t\t\t\t<div class=\"elementor-widget-container\">\n\t\t\t\t\t\t\t\t\t<p><strong>Adresse de contact<\/strong><\/p>\n<p>Fondation Registre des \u00e9coles priv\u00e9es en Suisse<br \/>c\/o Union suisse des arts et m\u00e9tiers<br \/>Schwarztorstrasse 26<br \/>3007 Berne<br \/>Suisse<\/p>\n<p>T\u00e9l. +41 (0)31 328 40 41<br \/>Fax +41 (0)31 328 40 55<br \/>info@swissprivateschoolregister.com<\/p>\n<p><strong>Inscription au registre du commerce<\/strong><\/p>\n<p>Nom de l&rsquo;entreprise enregistr\u00e9e :<br \/><strong>Fondation Registre des \u00e9coles priv\u00e9es en Suisse<br \/><\/strong><\/p>\n<p>Num\u00e9ro d&rsquo;entreprise (UID) :<br \/><strong>CHE-113.157.798<\/strong><\/p>\n\t\t\t\t\t\t\t\t<\/div>\n\t\t\t\t<\/div>\n\t\t\t\t\t<\/div>\n\t\t\t\t<\/div>\n\t\t\t\t<\/div>\n\t\t","protected":false},"excerpt":{"rendered":"<p>Mentions l\u00e9gales Adresse de contact Fondation Registre des \u00e9coles priv\u00e9es en Suissec\/o Union suisse des arts et m\u00e9tiersSchwarztorstrasse 263007 BerneSuisse T\u00e9l. +41 (0)31 328 40 41Fax +41 (0)31 328 40 55info@swissprivateschoolregister.com Inscription au registre du commerce Nom de l&rsquo;entreprise enregistr\u00e9e :Fondation Registre des \u00e9coles priv\u00e9es en Suisse Num\u00e9ro d&rsquo;entreprise (UID) :CHE-113.157.798<\/p>\n","protected":false},"author":1,"featured_media":0,"parent":0,"menu_order":0,"comment_status":"closed","ping_status":"closed","template":"","meta":{"_acf_changed":false,"footnotes":""},"class_list":["post-1061","page","type-page","status-publish","hentry"],"acf":[],"yoast_head":"<!-- This site is optimized with the Yoast SEO plugin v27.5 - https:\/\/yoast.com\/product\/yoast-seo-wordpress\/ -->\n<title>Mentions l\u00e9gales<\/title>\n<meta name=\"robots\" content=\"noindex, nofollow\" \/>\n<meta property=\"og:locale\" content=\"fr_FR\" \/>\n<meta property=\"og:type\" content=\"article\" \/>\n<meta property=\"og:title\" content=\"Mentions l\u00e9gales\" \/>\n<meta property=\"og:description\" content=\"Mentions l\u00e9gales Adresse de contact Fondation Registre des \u00e9coles priv\u00e9es en Suissec\/o Union suisse des arts et m\u00e9tiersSchwarztorstrasse 263007 BerneSuisse T\u00e9l. +41 (0)31 328 40 41Fax +41 (0)31 328 40 55info@swissprivateschoolregister.com Inscription au registre du commerce Nom de l&rsquo;entreprise enregistr\u00e9e :Fondation Registre des \u00e9coles priv\u00e9es en Suisse Num\u00e9ro d&rsquo;entreprise (UID) :CHE-113.157.798\" \/>\n<meta property=\"og:url\" content=\"https:\/\/www.swissprivateschoolregister.com\/fr\/mentions-legales\/\" \/>\n<meta property=\"og:site_name\" content=\"Privatschulregister Schweiz\" \/>\n<meta property=\"article:modified_time\" content=\"2024-07-22T20:43:15+00:00\" \/>\n<meta name=\"twitter:card\" content=\"summary_large_image\" \/>\n<script type=\"application\/ld+json\" class=\"yoast-schema-graph\">{\"@context\":\"https:\\\/\\\/schema.org\",\"@graph\":[{\"@type\":\"WebPage\",\"@id\":\"https:\\\/\\\/www.swissprivateschoolregister.com\\\/fr\\\/mentions-legales\\\/\",\"url\":\"https:\\\/\\\/www.swissprivateschoolregister.com\\\/fr\\\/mentions-legales\\\/\",\"name\":\"Mentions l\u00e9gales\",\"isPartOf\":{\"@id\":\"https:\\\/\\\/www.swissprivateschoolregister.com\\\/fr\\\/#website\"},\"datePublished\":\"2024-02-23T10:50:03+00:00\",\"dateModified\":\"2024-07-22T20:43:15+00:00\",\"breadcrumb\":{\"@id\":\"https:\\\/\\\/www.swissprivateschoolregister.com\\\/fr\\\/mentions-legales\\\/#breadcrumb\"},\"inLanguage\":\"fr-FR\",\"potentialAction\":[{\"@type\":\"ReadAction\",\"target\":[\"https:\\\/\\\/www.swissprivateschoolregister.com\\\/fr\\\/mentions-legales\\\/\"]}]},{\"@type\":\"BreadcrumbList\",\"@id\":\"https:\\\/\\\/www.swissprivateschoolregister.com\\\/fr\\\/mentions-legales\\\/#breadcrumb\",\"itemListElement\":[{\"@type\":\"ListItem\",\"position\":1,\"name\":\"Home\",\"item\":\"https:\\\/\\\/www.swissprivateschoolregister.com\\\/fr\\\/home-page-daccueil\\\/\"},{\"@type\":\"ListItem\",\"position\":2,\"name\":\"Mentions l\u00e9gales\"}]},{\"@type\":\"WebSite\",\"@id\":\"https:\\\/\\\/www.swissprivateschoolregister.com\\\/fr\\\/#website\",\"url\":\"https:\\\/\\\/www.swissprivateschoolregister.com\\\/fr\\\/\",\"name\":\"Privatschulregister Schweiz\",\"description\":\"\",\"publisher\":{\"@id\":\"https:\\\/\\\/www.swissprivateschoolregister.com\\\/fr\\\/#organization\"},\"potentialAction\":[{\"@type\":\"SearchAction\",\"target\":{\"@type\":\"EntryPoint\",\"urlTemplate\":\"https:\\\/\\\/www.swissprivateschoolregister.com\\\/fr\\\/?s={search_term_string}\"},\"query-input\":{\"@type\":\"PropertyValueSpecification\",\"valueRequired\":true,\"valueName\":\"search_term_string\"}}],\"inLanguage\":\"fr-FR\"},{\"@type\":\"Organization\",\"@id\":\"https:\\\/\\\/www.swissprivateschoolregister.com\\\/fr\\\/#organization\",\"name\":\"Privatschulregister Schweiz\",\"url\":\"https:\\\/\\\/www.swissprivateschoolregister.com\\\/fr\\\/\",\"logo\":{\"@type\":\"ImageObject\",\"inLanguage\":\"fr-FR\",\"@id\":\"https:\\\/\\\/www.swissprivateschoolregister.com\\\/fr\\\/#\\\/schema\\\/logo\\\/image\\\/\",\"url\":\"https:\\\/\\\/www.swissprivateschoolregister.com\\\/wp-content\\\/uploads\\\/2024\\\/02\\\/Logo-PSR_vektorisiert.png\",\"contentUrl\":\"https:\\\/\\\/www.swissprivateschoolregister.com\\\/wp-content\\\/uploads\\\/2024\\\/02\\\/Logo-PSR_vektorisiert.png\",\"width\":420,\"height\":298,\"caption\":\"Privatschulregister Schweiz\"},\"image\":{\"@id\":\"https:\\\/\\\/www.swissprivateschoolregister.com\\\/fr\\\/#\\\/schema\\\/logo\\\/image\\\/\"}}]}<\/script>\n<!-- \/ Yoast SEO plugin. -->","yoast_head_json":{"title":"Mentions l\u00e9gales","robots":{"index":"noindex","follow":"nofollow"},"og_locale":"fr_FR","og_type":"article","og_title":"Mentions l\u00e9gales","og_description":"Mentions l\u00e9gales Adresse de contact Fondation Registre des \u00e9coles priv\u00e9es en Suissec\/o Union suisse des arts et m\u00e9tiersSchwarztorstrasse 263007 BerneSuisse T\u00e9l. +41 (0)31 328 40 41Fax +41 (0)31 328 40 55info@swissprivateschoolregister.com Inscription au registre du commerce Nom de l&rsquo;entreprise enregistr\u00e9e :Fondation Registre des \u00e9coles priv\u00e9es en Suisse Num\u00e9ro d&rsquo;entreprise (UID) :CHE-113.157.798","og_url":"https:\/\/www.swissprivateschoolregister.com\/fr\/mentions-legales\/","og_site_name":"Privatschulregister Schweiz","article_modified_time":"2024-07-22T20:43:15+00:00","twitter_card":"summary_large_image","schema":{"@context":"https:\/\/schema.org","@graph":[{"@type":"WebPage","@id":"https:\/\/www.swissprivateschoolregister.com\/fr\/mentions-legales\/","url":"https:\/\/www.swissprivateschoolregister.com\/fr\/mentions-legales\/","name":"Mentions l\u00e9gales","isPartOf":{"@id":"https:\/\/www.swissprivateschoolregister.com\/fr\/#website"},"datePublished":"2024-02-23T10:50:03+00:00","dateModified":"2024-07-22T20:43:15+00:00","breadcrumb":{"@id":"https:\/\/www.swissprivateschoolregister.com\/fr\/mentions-legales\/#breadcrumb"},"inLanguage":"fr-FR","potentialAction":[{"@type":"ReadAction","target":["https:\/\/www.swissprivateschoolregister.com\/fr\/mentions-legales\/"]}]},{"@type":"BreadcrumbList","@id":"https:\/\/www.swissprivateschoolregister.com\/fr\/mentions-legales\/#breadcrumb","itemListElement":[{"@type":"ListItem","position":1,"name":"Home","item":"https:\/\/www.swissprivateschoolregister.com\/fr\/home-page-daccueil\/"},{"@type":"ListItem","position":2,"name":"Mentions l\u00e9gales"}]},{"@type":"WebSite","@id":"https:\/\/www.swissprivateschoolregister.com\/fr\/#website","url":"https:\/\/www.swissprivateschoolregister.com\/fr\/","name":"Privatschulregister Schweiz","description":"","publisher":{"@id":"https:\/\/www.swissprivateschoolregister.com\/fr\/#organization"},"potentialAction":[{"@type":"SearchAction","target":{"@type":"EntryPoint","urlTemplate":"https:\/\/www.swissprivateschoolregister.com\/fr\/?s={search_term_string}"},"query-input":{"@type":"PropertyValueSpecification","valueRequired":true,"valueName":"search_term_string"}}],"inLanguage":"fr-FR"},{"@type":"Organization","@id":"https:\/\/www.swissprivateschoolregister.com\/fr\/#organization","name":"Privatschulregister Schweiz","url":"https:\/\/www.swissprivateschoolregister.com\/fr\/","logo":{"@type":"ImageObject","inLanguage":"fr-FR","@id":"https:\/\/www.swissprivateschoolregister.com\/fr\/#\/schema\/logo\/image\/","url":"https:\/\/www.swissprivateschoolregister.com\/wp-content\/uploads\/2024\/02\/Logo-PSR_vektorisiert.png","contentUrl":"https:\/\/www.swissprivateschoolregister.com\/wp-content\/uploads\/2024\/02\/Logo-PSR_vektorisiert.png","width":420,"height":298,"caption":"Privatschulregister Schweiz"},"image":{"@id":"https:\/\/www.swissprivateschoolregister.com\/fr\/#\/schema\/logo\/image\/"}}]}},"_links":{"self":[{"href":"https:\/\/www.swissprivateschoolregister.com\/fr\/wp-json\/wp\/v2\/pages\/1061","targetHints":{"allow":["GET"]}}],"collection":[{"href":"https:\/\/www.swissprivateschoolregister.com\/fr\/wp-json\/wp\/v2\/pages"}],"about":[{"href":"https:\/\/www.swissprivateschoolregister.com\/fr\/wp-json\/wp\/v2\/types\/page"}],"author":[{"embeddable":true,"href":"https:\/\/www.swissprivateschoolregister.com\/fr\/wp-json\/wp\/v2\/users\/1"}],"replies":[{"embeddable":true,"href":"https:\/\/www.swissprivateschoolregister.com\/fr\/wp-json\/wp\/v2\/comments?post=1061"}],"version-history":[{"count":0,"href":"https:\/\/www.swissprivateschoolregister.com\/fr\/wp-json\/wp\/v2\/pages\/1061\/revisions"}],"wp:attachment":[{"href":"https:\/\/www.swissprivateschoolregister.com\/fr\/wp-json\/wp\/v2\/media?parent=1061"}],"curies":[{"name":"wp","href":"https:\/\/api.w.org\/{rel}","templated":true}]}}