{"id":1064,"date":"2024-02-23T12:33:41","date_gmt":"2024-02-23T11:33:41","guid":{"rendered":"https:\/\/www.swissprivateschoolregister.com\/liens\/"},"modified":"2024-05-06T13:45:16","modified_gmt":"2024-05-06T11:45:16","slug":"liens","status":"publish","type":"page","link":"https:\/\/www.swissprivateschoolregister.com\/fr\/liens\/","title":{"rendered":"Liens"},"content":{"rendered":"\t\t<div data-elementor-type=\"wp-page\" data-elementor-id=\"1064\" class=\"elementor elementor-1064 elementor-461\" data-elementor-post-type=\"page\">\n\t\t\t\t<div class=\"elementor-element elementor-element-b5670bf e-flex e-con-boxed e-con e-parent\" data-id=\"b5670bf\" data-element_type=\"container\" data-e-type=\"container\">\n\t\t\t\t\t<div class=\"e-con-inner\">\n\t\t\t\t<div class=\"elementor-element elementor-element-a8e25cf elementor-widget elementor-widget-heading\" data-id=\"a8e25cf\" data-element_type=\"widget\" data-e-type=\"widget\" data-widget_type=\"heading.default\">\n\t\t\t\t<div class=\"elementor-widget-container\">\n\t\t\t\t\t<h2 class=\"elementor-heading-title elementor-size-default\">Liens<\/h2>\t\t\t\t<\/div>\n\t\t\t\t<\/div>\n\t\t\t\t<div class=\"elementor-element elementor-element-225d3e7 elementor-view-default elementor-widget elementor-widget-icon\" data-id=\"225d3e7\" data-element_type=\"widget\" data-e-type=\"widget\" data-widget_type=\"icon.default\">\n\t\t\t\t<div class=\"elementor-widget-container\">\n\t\t\t\t\t\t\t<div class=\"elementor-icon-wrapper\">\n\t\t\t<div class=\"elementor-icon\">\n\t\t\t<svg xmlns=\"http:\/\/www.w3.org\/2000\/svg\" width=\"116\" height=\"6\" viewBox=\"0 0 116 6\" fill=\"none\"><rect y=\"0.000610352\" width=\"6\" height=\"6\" rx=\"3\" fill=\"#6D8EB0\"><\/rect><rect x=\"16\" y=\"0.000610352\" width=\"6\" height=\"6\" rx=\"3\" fill=\"#6D8EB0\"><\/rect><rect x=\"32\" y=\"0.000610352\" width=\"6\" height=\"6\" rx=\"3\" fill=\"#6D8EB0\"><\/rect><rect x=\"48\" y=\"0.000610352\" width=\"6\" height=\"6\" rx=\"3\" fill=\"#6D8EB0\"><\/rect><rect x=\"62\" y=\"0.000610352\" width=\"6\" height=\"6\" rx=\"3\" fill=\"#6D8EB0\"><\/rect><rect x=\"78\" y=\"0.000610352\" width=\"6\" height=\"6\" rx=\"3\" fill=\"#6D8EB0\"><\/rect><rect x=\"94\" y=\"0.000610352\" width=\"6\" height=\"6\" rx=\"3\" fill=\"#6D8EB0\"><\/rect><rect x=\"110\" y=\"0.000610352\" width=\"6\" height=\"6\" rx=\"3\" fill=\"#6D8EB0\"><\/rect><\/svg>\t\t\t<\/div>\n\t\t<\/div>\n\t\t\t\t\t\t<\/div>\n\t\t\t\t<\/div>\n\t\t\t\t<div class=\"elementor-element elementor-element-8b8ef40 elementor-widget elementor-widget-text-editor\" data-id=\"8b8ef40\" data-element_type=\"widget\" data-e-type=\"widget\" data-widget_type=\"text-editor.default\">\n\t\t\t\t<div class=\"elementor-widget-container\">\n\t\t\t\t\t\t\t\t\t<p><b>Organisations fondatrices<\/b><br \/><a href=\"http:\/\/www.swiss-schools.ch\/\" target=\"_blank\" rel=\"noopener\">F\u00e9d\u00e9ration suisse des \u00e9coles priv\u00e9es FSEP<\/a><a class=\"external-link-new-window\" title=\"Association suisse des \u00e9coles h\u00f4teli\u00e8res ASEH\" href=\"http:\/\/www.aseh.ch\/\" target=\"_blank\" rel=\"noopener\"><br \/><\/a><br \/><b>Associations fa\u00eeti\u00e8res de l&rsquo;\u00e9conomie suisse<\/b><br \/><a href=\"http:\/\/www.centrepatronal.ch\/\" target=\"_blank\" rel=\"noopener\">Centre Patronal<\/a><br \/><a href=\"http:\/\/www.economiesuisse.ch\/\" target=\"_blank\" rel=\"noopener\">economiesuisse<\/a><br \/><a href=\"http:\/\/www.fer-ge.ch\/\" target=\"_blank\" rel=\"noopener\">F\u00e9d\u00e9ration des Entreprises Romandes<\/a><br \/><a href=\"http:\/\/www.sgv-usam.ch\/\" target=\"_blank\" rel=\"noopener\">Union suisse des arts et m\u00e9tiers USAM<\/a><br \/><a href=\"https:\/\/www.arbeitgeber.ch\/\" target=\"_blank\" rel=\"noopener\">Association des employeurs FSA<\/a><\/p>\n<p><b>La Suisse, pays de formation<\/b><br \/><a href=\"http:\/\/www.swiss-schools.ch\/\" target=\"_blank\" rel=\"noopener\">F\u00e9d\u00e9ration suisse des \u00e9coles priv\u00e9es FSEP<\/a><br \/><a class=\"external-link-new-window\" href=\"https:\/\/www.sbfi.admin.ch\/\" target=\"_blank\" rel=\"noopener\">Secr\u00e9tariat d&rsquo;\u00c9tat \u00e0 la formation, \u00e0 la recherche et \u00e0 l&rsquo;innovation SBFI<\/a><br \/><a class=\"external-link-new-window\" href=\"http:\/\/www.swissuniversities.ch\/\" target=\"_blank\" rel=\"noopener\">swissuniversities<\/a><br \/><a href=\"http:\/\/www.educa.ch\/\" target=\"_blank\" rel=\"noopener\">educa Le portail de l&rsquo;\u00e9ducation<\/a><br \/><a href=\"http:\/\/www.edk.ch\/\" target=\"_blank\" rel=\"noopener\">Conf\u00e9rence suisse des directeurs cantonaux de l&rsquo;instruction publique<\/a><\/p>\n\t\t\t\t\t\t\t\t<\/div>\n\t\t\t\t<\/div>\n\t\t\t\t\t<\/div>\n\t\t\t\t<\/div>\n\t\t\t\t<\/div>\n\t\t","protected":false},"excerpt":{"rendered":"<p>Liens Organisations fondatricesF\u00e9d\u00e9ration suisse des \u00e9coles priv\u00e9es FSEPAssociations fa\u00eeti\u00e8res de l&rsquo;\u00e9conomie suisseCentre PatronaleconomiesuisseF\u00e9d\u00e9ration des Entreprises RomandesUnion suisse des arts et m\u00e9tiers USAMAssociation des employeurs FSA La Suisse, pays de formationF\u00e9d\u00e9ration suisse des \u00e9coles priv\u00e9es FSEPSecr\u00e9tariat d&rsquo;\u00c9tat \u00e0 la formation, \u00e0 la recherche et \u00e0 l&rsquo;innovation SBFIswissuniversitieseduca Le portail de l&rsquo;\u00e9ducationConf\u00e9rence suisse des directeurs cantonaux de [&hellip;]<\/p>\n","protected":false},"author":1,"featured_media":0,"parent":0,"menu_order":0,"comment_status":"closed","ping_status":"closed","template":"","meta":{"_acf_changed":false,"footnotes":""},"class_list":["post-1064","page","type-page","status-publish","hentry"],"acf":[],"yoast_head":"<!-- This site is optimized with the Yoast SEO plugin v27.5 - https:\/\/yoast.com\/product\/yoast-seo-wordpress\/ -->\n<title>Liens<\/title>\n<meta name=\"robots\" content=\"index, follow, max-snippet:-1, max-image-preview:large, max-video-preview:-1\" \/>\n<link rel=\"canonical\" href=\"https:\/\/www.swissprivateschoolregister.com\/fr\/liens\/\" \/>\n<meta property=\"og:locale\" content=\"fr_FR\" \/>\n<meta property=\"og:type\" content=\"article\" \/>\n<meta property=\"og:title\" content=\"Liens\" \/>\n<meta property=\"og:description\" content=\"Liens Organisations fondatricesF\u00e9d\u00e9ration suisse des \u00e9coles priv\u00e9es FSEPAssociations fa\u00eeti\u00e8res de l&rsquo;\u00e9conomie suisseCentre PatronaleconomiesuisseF\u00e9d\u00e9ration des Entreprises RomandesUnion suisse des arts et m\u00e9tiers USAMAssociation des employeurs FSA La Suisse, pays de formationF\u00e9d\u00e9ration suisse des \u00e9coles priv\u00e9es FSEPSecr\u00e9tariat d&rsquo;\u00c9tat \u00e0 la formation, \u00e0 la recherche et \u00e0 l&rsquo;innovation SBFIswissuniversitieseduca Le portail de l&rsquo;\u00e9ducationConf\u00e9rence suisse des directeurs cantonaux de [&hellip;]\" \/>\n<meta property=\"og:url\" content=\"https:\/\/www.swissprivateschoolregister.com\/fr\/liens\/\" \/>\n<meta property=\"og:site_name\" content=\"Privatschulregister Schweiz\" \/>\n<meta property=\"article:modified_time\" content=\"2024-05-06T11:45:16+00:00\" \/>\n<meta name=\"twitter:card\" content=\"summary_large_image\" \/>\n<script type=\"application\/ld+json\" class=\"yoast-schema-graph\">{\"@context\":\"https:\\\/\\\/schema.org\",\"@graph\":[{\"@type\":\"WebPage\",\"@id\":\"https:\\\/\\\/www.swissprivateschoolregister.com\\\/fr\\\/liens\\\/\",\"url\":\"https:\\\/\\\/www.swissprivateschoolregister.com\\\/fr\\\/liens\\\/\",\"name\":\"Liens\",\"isPartOf\":{\"@id\":\"https:\\\/\\\/www.swissprivateschoolregister.com\\\/fr\\\/#website\"},\"datePublished\":\"2024-02-23T11:33:41+00:00\",\"dateModified\":\"2024-05-06T11:45:16+00:00\",\"breadcrumb\":{\"@id\":\"https:\\\/\\\/www.swissprivateschoolregister.com\\\/fr\\\/liens\\\/#breadcrumb\"},\"inLanguage\":\"fr-FR\",\"potentialAction\":[{\"@type\":\"ReadAction\",\"target\":[\"https:\\\/\\\/www.swissprivateschoolregister.com\\\/fr\\\/liens\\\/\"]}]},{\"@type\":\"BreadcrumbList\",\"@id\":\"https:\\\/\\\/www.swissprivateschoolregister.com\\\/fr\\\/liens\\\/#breadcrumb\",\"itemListElement\":[{\"@type\":\"ListItem\",\"position\":1,\"name\":\"Home\",\"item\":\"https:\\\/\\\/www.swissprivateschoolregister.com\\\/fr\\\/home-page-daccueil\\\/\"},{\"@type\":\"ListItem\",\"position\":2,\"name\":\"Liens\"}]},{\"@type\":\"WebSite\",\"@id\":\"https:\\\/\\\/www.swissprivateschoolregister.com\\\/fr\\\/#website\",\"url\":\"https:\\\/\\\/www.swissprivateschoolregister.com\\\/fr\\\/\",\"name\":\"Privatschulregister Schweiz\",\"description\":\"\",\"publisher\":{\"@id\":\"https:\\\/\\\/www.swissprivateschoolregister.com\\\/fr\\\/#organization\"},\"potentialAction\":[{\"@type\":\"SearchAction\",\"target\":{\"@type\":\"EntryPoint\",\"urlTemplate\":\"https:\\\/\\\/www.swissprivateschoolregister.com\\\/fr\\\/?s={search_term_string}\"},\"query-input\":{\"@type\":\"PropertyValueSpecification\",\"valueRequired\":true,\"valueName\":\"search_term_string\"}}],\"inLanguage\":\"fr-FR\"},{\"@type\":\"Organization\",\"@id\":\"https:\\\/\\\/www.swissprivateschoolregister.com\\\/fr\\\/#organization\",\"name\":\"Privatschulregister Schweiz\",\"url\":\"https:\\\/\\\/www.swissprivateschoolregister.com\\\/fr\\\/\",\"logo\":{\"@type\":\"ImageObject\",\"inLanguage\":\"fr-FR\",\"@id\":\"https:\\\/\\\/www.swissprivateschoolregister.com\\\/fr\\\/#\\\/schema\\\/logo\\\/image\\\/\",\"url\":\"https:\\\/\\\/www.swissprivateschoolregister.com\\\/wp-content\\\/uploads\\\/2024\\\/02\\\/Logo-PSR_vektorisiert.png\",\"contentUrl\":\"https:\\\/\\\/www.swissprivateschoolregister.com\\\/wp-content\\\/uploads\\\/2024\\\/02\\\/Logo-PSR_vektorisiert.png\",\"width\":420,\"height\":298,\"caption\":\"Privatschulregister Schweiz\"},\"image\":{\"@id\":\"https:\\\/\\\/www.swissprivateschoolregister.com\\\/fr\\\/#\\\/schema\\\/logo\\\/image\\\/\"}}]}<\/script>\n<!-- \/ Yoast SEO plugin. -->","yoast_head_json":{"title":"Liens","robots":{"index":"index","follow":"follow","max-snippet":"max-snippet:-1","max-image-preview":"max-image-preview:large","max-video-preview":"max-video-preview:-1"},"canonical":"https:\/\/www.swissprivateschoolregister.com\/fr\/liens\/","og_locale":"fr_FR","og_type":"article","og_title":"Liens","og_description":"Liens Organisations fondatricesF\u00e9d\u00e9ration suisse des \u00e9coles priv\u00e9es FSEPAssociations fa\u00eeti\u00e8res de l&rsquo;\u00e9conomie suisseCentre PatronaleconomiesuisseF\u00e9d\u00e9ration des Entreprises RomandesUnion suisse des arts et m\u00e9tiers USAMAssociation des employeurs FSA La Suisse, pays de formationF\u00e9d\u00e9ration suisse des \u00e9coles priv\u00e9es FSEPSecr\u00e9tariat d&rsquo;\u00c9tat \u00e0 la formation, \u00e0 la recherche et \u00e0 l&rsquo;innovation SBFIswissuniversitieseduca Le portail de l&rsquo;\u00e9ducationConf\u00e9rence suisse des directeurs cantonaux de [&hellip;]","og_url":"https:\/\/www.swissprivateschoolregister.com\/fr\/liens\/","og_site_name":"Privatschulregister Schweiz","article_modified_time":"2024-05-06T11:45:16+00:00","twitter_card":"summary_large_image","schema":{"@context":"https:\/\/schema.org","@graph":[{"@type":"WebPage","@id":"https:\/\/www.swissprivateschoolregister.com\/fr\/liens\/","url":"https:\/\/www.swissprivateschoolregister.com\/fr\/liens\/","name":"Liens","isPartOf":{"@id":"https:\/\/www.swissprivateschoolregister.com\/fr\/#website"},"datePublished":"2024-02-23T11:33:41+00:00","dateModified":"2024-05-06T11:45:16+00:00","breadcrumb":{"@id":"https:\/\/www.swissprivateschoolregister.com\/fr\/liens\/#breadcrumb"},"inLanguage":"fr-FR","potentialAction":[{"@type":"ReadAction","target":["https:\/\/www.swissprivateschoolregister.com\/fr\/liens\/"]}]},{"@type":"BreadcrumbList","@id":"https:\/\/www.swissprivateschoolregister.com\/fr\/liens\/#breadcrumb","itemListElement":[{"@type":"ListItem","position":1,"name":"Home","item":"https:\/\/www.swissprivateschoolregister.com\/fr\/home-page-daccueil\/"},{"@type":"ListItem","position":2,"name":"Liens"}]},{"@type":"WebSite","@id":"https:\/\/www.swissprivateschoolregister.com\/fr\/#website","url":"https:\/\/www.swissprivateschoolregister.com\/fr\/","name":"Privatschulregister Schweiz","description":"","publisher":{"@id":"https:\/\/www.swissprivateschoolregister.com\/fr\/#organization"},"potentialAction":[{"@type":"SearchAction","target":{"@type":"EntryPoint","urlTemplate":"https:\/\/www.swissprivateschoolregister.com\/fr\/?s={search_term_string}"},"query-input":{"@type":"PropertyValueSpecification","valueRequired":true,"valueName":"search_term_string"}}],"inLanguage":"fr-FR"},{"@type":"Organization","@id":"https:\/\/www.swissprivateschoolregister.com\/fr\/#organization","name":"Privatschulregister Schweiz","url":"https:\/\/www.swissprivateschoolregister.com\/fr\/","logo":{"@type":"ImageObject","inLanguage":"fr-FR","@id":"https:\/\/www.swissprivateschoolregister.com\/fr\/#\/schema\/logo\/image\/","url":"https:\/\/www.swissprivateschoolregister.com\/wp-content\/uploads\/2024\/02\/Logo-PSR_vektorisiert.png","contentUrl":"https:\/\/www.swissprivateschoolregister.com\/wp-content\/uploads\/2024\/02\/Logo-PSR_vektorisiert.png","width":420,"height":298,"caption":"Privatschulregister Schweiz"},"image":{"@id":"https:\/\/www.swissprivateschoolregister.com\/fr\/#\/schema\/logo\/image\/"}}]}},"_links":{"self":[{"href":"https:\/\/www.swissprivateschoolregister.com\/fr\/wp-json\/wp\/v2\/pages\/1064","targetHints":{"allow":["GET"]}}],"collection":[{"href":"https:\/\/www.swissprivateschoolregister.com\/fr\/wp-json\/wp\/v2\/pages"}],"about":[{"href":"https:\/\/www.swissprivateschoolregister.com\/fr\/wp-json\/wp\/v2\/types\/page"}],"author":[{"embeddable":true,"href":"https:\/\/www.swissprivateschoolregister.com\/fr\/wp-json\/wp\/v2\/users\/1"}],"replies":[{"embeddable":true,"href":"https:\/\/www.swissprivateschoolregister.com\/fr\/wp-json\/wp\/v2\/comments?post=1064"}],"version-history":[{"count":0,"href":"https:\/\/www.swissprivateschoolregister.com\/fr\/wp-json\/wp\/v2\/pages\/1064\/revisions"}],"wp:attachment":[{"href":"https:\/\/www.swissprivateschoolregister.com\/fr\/wp-json\/wp\/v2\/media?parent=1064"}],"curies":[{"name":"wp","href":"https:\/\/api.w.org\/{rel}","templated":true}]}}