{"id":1178,"date":"2024-02-23T11:57:53","date_gmt":"2024-02-23T10:57:53","guid":{"rendered":"https:\/\/www.swissprivateschoolregister.com\/informativa-sulla-privacy\/"},"modified":"2024-07-22T22:43:14","modified_gmt":"2024-07-22T20:43:14","slug":"informativa-sulla-privacy","status":"publish","type":"page","link":"https:\/\/www.swissprivateschoolregister.com\/it\/informativa-sulla-privacy\/","title":{"rendered":"Informativa sulla privacy"},"content":{"rendered":"\t\t<div data-elementor-type=\"wp-page\" data-elementor-id=\"1178\" class=\"elementor elementor-1178 elementor-439\" data-elementor-post-type=\"page\">\n\t\t\t\t<div class=\"elementor-element elementor-element-b5670bf e-flex e-con-boxed e-con e-parent\" data-id=\"b5670bf\" data-element_type=\"container\" data-e-type=\"container\">\n\t\t\t\t\t<div class=\"e-con-inner\">\n\t\t\t\t<div class=\"elementor-element elementor-element-a8e25cf elementor-widget elementor-widget-heading\" data-id=\"a8e25cf\" data-element_type=\"widget\" data-e-type=\"widget\" data-widget_type=\"heading.default\">\n\t\t\t\t<div class=\"elementor-widget-container\">\n\t\t\t\t\t<h1 class=\"elementor-heading-title elementor-size-default\">Informativa sulla privacy<\/h1>\t\t\t\t<\/div>\n\t\t\t\t<\/div>\n\t\t\t\t<div class=\"elementor-element elementor-element-225d3e7 elementor-view-default elementor-widget elementor-widget-icon\" data-id=\"225d3e7\" data-element_type=\"widget\" data-e-type=\"widget\" data-widget_type=\"icon.default\">\n\t\t\t\t<div class=\"elementor-widget-container\">\n\t\t\t\t\t\t\t<div class=\"elementor-icon-wrapper\">\n\t\t\t<div class=\"elementor-icon\">\n\t\t\t<svg xmlns=\"http:\/\/www.w3.org\/2000\/svg\" width=\"116\" height=\"6\" viewBox=\"0 0 116 6\" fill=\"none\"><rect y=\"0.000610352\" width=\"6\" height=\"6\" rx=\"3\" fill=\"#6D8EB0\"><\/rect><rect x=\"16\" y=\"0.000610352\" width=\"6\" height=\"6\" rx=\"3\" fill=\"#6D8EB0\"><\/rect><rect x=\"32\" y=\"0.000610352\" width=\"6\" height=\"6\" rx=\"3\" fill=\"#6D8EB0\"><\/rect><rect x=\"48\" y=\"0.000610352\" width=\"6\" height=\"6\" rx=\"3\" fill=\"#6D8EB0\"><\/rect><rect x=\"62\" y=\"0.000610352\" width=\"6\" height=\"6\" rx=\"3\" fill=\"#6D8EB0\"><\/rect><rect x=\"78\" y=\"0.000610352\" width=\"6\" height=\"6\" rx=\"3\" fill=\"#6D8EB0\"><\/rect><rect x=\"94\" y=\"0.000610352\" width=\"6\" height=\"6\" rx=\"3\" fill=\"#6D8EB0\"><\/rect><rect x=\"110\" y=\"0.000610352\" width=\"6\" height=\"6\" rx=\"3\" fill=\"#6D8EB0\"><\/rect><\/svg>\t\t\t<\/div>\n\t\t<\/div>\n\t\t\t\t\t\t<\/div>\n\t\t\t\t<\/div>\n\t\t\t\t<div class=\"elementor-element elementor-element-8b8ef40 elementor-widget elementor-widget-text-editor\" data-id=\"8b8ef40\" data-element_type=\"widget\" data-e-type=\"widget\" data-widget_type=\"text-editor.default\">\n\t\t\t\t<div class=\"elementor-widget-container\">\n\t\t\t\t\t\t\t\t\t<p>Ultimo aggiornamento: 01.03.2024<\/p>\n<p>Attribuiamo grande importanza alla gestione trasparente dei dati personali. La presente informativa sulla privacy fornisce informazioni su quali dati personali raccogliamo, per quali scopi e a chi li trasmettiamo. Per garantire un elevato livello di trasparenza, la presente informativa sulla privacy viene regolarmente rivista e aggiornata.<\/p>\n<h2>1. quali servizi utilizziamo<\/h2>\n<ul>\n<li>Font Awesome<\/li>\n<li>Weglot<\/li>\n<li>WordPress<\/li>\n<\/ul>\n<h2>2. informazioni di contatto<\/h2>\n<p>Se hai domande o dubbi sulla protezione dei tuoi dati da parte nostra, puoi contattarci in qualsiasi momento via e-mail all&#8217;indirizzo <a href=\"mailto:info@swissprivateschoolregister.com\">info@swissprivateschoolregister.com.<\/a> Il responsabile del trattamento dei dati che avviene tramite questo sito web \u00e8<\/p>\n<p>Fondazione Registro Scolastico Privato Svizzero Hotelgasse 1 Casella Postale 3001 Berna Svizzera<\/p>\n<h2>3. principi generali<\/h2>\n<h3>3.1 Quali dati raccogliamo da te e da chi li riceviamo<\/h3>\n<p>Innanzitutto, trattiamo i dati personali che ci trasmetti o che raccogliamo quando gestiamo il nostro sito web. Potremmo anche ricevere dati personali su di te da terze parti. Queste possono essere le seguenti categorie:<\/p>\n<ul>\n<li>Dati anagrafici (nome, indirizzo, data di nascita, ecc.);<\/li>\n<li>Dati di contatto (numero di cellulare, indirizzo e-mail, ecc.);<\/li>\n<li>Dati finanziari (ad esempio, dettagli del conto);<\/li>\n<li>Identificatori online (ad esempio identificatori di cookie, indirizzi IP);<\/li>\n<li>Dati sulla posizione e sul traffico;<\/li>\n<li>Registrazioni di suoni e immagini;<\/li>\n<li>dati particolarmente sensibili (ad esempio dati biometrici o informazioni sulla tua salute).<\/li>\n<\/ul>\n<h3>3.2 A quali condizioni trattiamo i tuoi dati?<\/h3>\n<p>Trattiamo i tuoi dati in modo confidenziale e in conformit\u00e0 agli scopi indicati nella presente informativa sulla privacy. Prestiamo attenzione a un trattamento trasparente e proporzionato.<\/p>\n<p>Se, in casi eccezionali, non siamo in grado di rispettare questi principi, il trattamento dei dati pu\u00f2 comunque essere lecito perch\u00e9 esiste una giustificazione. Una possibile giustificazione \u00e8 la seguente:<\/p>\n<ul>\n<li>Il tuo consenso;<\/li>\n<li>l&#8217;esecuzione di un contratto o di misure precontrattuali;<\/li>\n<li>i nostri legittimi interessi, a condizione che non prevalgano i tuoi interessi.<\/li>\n<\/ul>\n<h3>3.3 Come puoi ritirare il tuo consenso?<\/h3>\n<p>Se ci hai dato il consenso al trattamento dei tuoi dati personali per finalit\u00e0 specifiche, tratteremo i tuoi dati nell&#8217;ambito di tale consenso, a meno che non abbiamo un&#8217;altra giustificazione.<\/p>\n<p>Puoi revocare il tuo consenso in qualsiasi momento inviando un&#8217;e-mail all&#8217;indirizzo indicato nella nota legale. Il trattamento dei dati gi\u00e0 effettuato non \u00e8 interessato da questo provvedimento.<\/p>\n<h3>3.4 In quali casi possiamo trasmettere i tuoi dati a terzi?<\/h3>\n<h4>a. Principio<\/h4>\n<p>Potremmo aver bisogno di utilizzare i servizi di terze parti o societ\u00e0 affiliate e incaricarle di trattare i tuoi dati (i cosiddetti responsabili del trattamento). Le categorie di destinatari sono nominate:<\/p>\n<ul>\n<li>Societ\u00e0 di contabilit\u00e0, fiduciaria e revisione contabile;<\/li>\n<li>Societ\u00e0 di consulenza (consulenza legale, fiscale, ecc.);<\/li>\n<li>Fornitore di servizi informatici (web hosting, assistenza, servizi cloud, progettazione di siti web, ecc;)<\/li>\n<li>Fornitore di servizi di pagamento;<\/li>\n<li>Fornitore di servizi di tracciamento, conversione e pubblicit\u00e0.<\/li>\n<\/ul>\n<p>Ci assicuriamo che queste terze parti e le nostre societ\u00e0 affiliate rispettino i requisiti di protezione dei dati e trattino i tuoi dati personali in modo confidenziale.<\/p>\n<p>Potremmo anche essere obbligati a divulgare i tuoi dati personali alle autorit\u00e0.<\/p>\n<h4>b. Visitando i nostri canali di social media<\/h4>\n<p>Potremmo avere incorporato nel nostro sito web dei link ai nostri canali di social media. Puoi vederlo in ogni caso (in genere tramite i simboli corrispondenti). Se clicchi sulle icone, verrai reindirizzato ai nostri canali di social media.<\/p>\n<p>In questo caso, i fornitori di social media sapranno che stai accedendo alla loro piattaforma dal nostro sito web. I fornitori di social media possono utilizzare i dati raccolti in questo modo per i loro scopi. Desideriamo sottolineare che non siamo a conoscenza del contenuto dei dati trasmessi n\u00e9 del loro utilizzo da parte degli operatori.<\/p>\n<h4>c. Trasferimento all&#8217;estero<\/h4>\n<p>In determinate circostanze, i tuoi dati personali potranno essere trasferiti a societ\u00e0 estere nell&#8217;ambito dell&#8217;elaborazione degli ordini. Queste aziende sono obbligate a proteggere i dati nella stessa misura in cui lo siamo noi. La trasmissione pu\u00f2 avvenire in tutto il mondo.<\/p>\n<p>Se il livello di protezione dei dati non corrisponde a quello svizzero, effettuiamo una valutazione preventiva del rischio e assicuriamo contrattualmente che sia garantito lo stesso livello di protezione della Svizzera (ad esempio tramite le nuove clausole contrattuali standard della Commissione UE o altre misure prescritte dalla legge). Se la nostra valutazione del rischio \u00e8 negativa, adotteremo misure tecniche aggiuntive per proteggere i tuoi dati. Puoi accedere alle clausole contrattuali standard della Commissione Europea al seguente link. https:\/\/commission.europa.eu\/publications\/standard-contractual-clauses-controllers-and-processors-eueea_de<\/p>\n<h3>3.5 Per quanto tempo conserviamo i tuoi dati?<\/h3>\n<p>Conserviamo i dati personali solo per il tempo necessario a soddisfare le finalit\u00e0 individuali per cui sono stati raccolti.<\/p>\n<p>I dati che memorizziamo quando visiti il nostro sito web vengono conservati per dodici mesi. Fanno eccezione i dati di analisi e tracciamento, che possono essere conservati pi\u00f9 a lungo.<\/p>\n<p>Conserviamo i dati contrattuali per un periodo pi\u00f9 lungo, in quanto siamo obbligati a farlo per legge. In particolare, dobbiamo conservare le comunicazioni commerciali, i contratti conclusi e i documenti contabili per un massimo di 10 anni. Se non abbiamo pi\u00f9 bisogno di tali dati da parte tua per fornire i servizi, i dati saranno bloccati e li utilizzeremo solo per scopi contabili e fiscali.<\/p>\n<h3>3.6 Come proteggiamo i tuoi dati?<\/h3>\n<p>Terremo i tuoi dati al sicuro e adotteremo tutte le misure ragionevoli per proteggere i tuoi dati da perdita, accesso, uso improprio o alterazione.<\/p>\n<p>I nostri partner contrattuali e i dipendenti che hanno accesso ai tuoi dati sono tenuti a rispettare le norme sulla protezione dei dati. In alcuni casi sar\u00e0 necessario trasmettere le tue richieste a societ\u00e0 a noi collegate. Anche in questi casi i tuoi dati saranno trattati in modo confidenziale.<\/p>\n<p>All&#8217;interno del nostro sito web, utilizziamo il metodo SSL (Secure Socket Layer) insieme al pi\u00f9 alto livello di crittografia supportato dal tuo browser.<\/p>\n<h3>3.7 Quali sono i tuoi diritti?<\/h3>\n<h4>a. Diritto all&#8217;informazione<\/h4>\n<p>Puoi richiedere informazioni sui dati che abbiamo memorizzato su di te in qualsiasi momento. Invia la tua richiesta di informazioni insieme a un documento di identit\u00e0 a info@swissprivateschoolregister.com.<\/p>\n<p>Hai inoltre il diritto di ricevere i tuoi dati in un formato di file di uso comune se i tuoi dati vengono elaborati automaticamente e se:<\/p>\n<ul>\n<li>hai dato il tuo consenso al trattamento di questi dati; oppure<\/li>\n<li>hai comunicato i dati in relazione alla conclusione o all&#8217;adempimento di un contratto.<\/li>\n<\/ul>\n<p>Possiamo limitare o rifiutare di fornire informazioni o dati se ci\u00f2 \u00e8 in conflitto con i nostri obblighi legali, i nostri interessi legittimi, gli interessi pubblici o gli interessi di una terza parte.<\/p>\n<p>L&#8217;elaborazione della tua domanda \u00e8 soggetta al periodo di elaborazione previsto dalla legge di 30 giorni. Tuttavia, potremmo prolungare questo periodo a causa di un elevato volume di richieste, per motivi legali o tecnici o perch\u00e9 abbiamo bisogno di informazioni pi\u00f9 dettagliate da parte tua. Sarai informato per tempo della proroga della scadenza, almeno in forma testuale.<\/p>\n<h4>b. Cancellazione e rettifica<\/h4>\n<p>Hai la possibilit\u00e0 di richiedere la cancellazione o la correzione dei tuoi dati in qualsiasi momento. Potremmo rifiutare la richiesta se siamo obbligati per legge a conservare i dati per un periodo pi\u00f9 lungo o a conservarli inalterati, o se la tua richiesta \u00e8 in conflitto con un requisito di autorizzazione.<\/p>\n<p>Tieni presente che l&#8217;esercizio dei tuoi diritti pu\u00f2 essere in conflitto con gli accordi contrattuali e pu\u00f2 avere effetti corrispondenti sull&#8217;esecuzione del contratto (ad esempio, la cancellazione anticipata del contratto o conseguenze sui costi).<\/p>\n<h4>c. Processo legale<\/h4>\n<p>Se sei danneggiato dal trattamento dei dati personali, hai il diritto di far valere i tuoi diritti in tribunale o di presentare un reclamo all&#8217;autorit\u00e0 di vigilanza competente. L&#8217;autorit\u00e0 di controllo competente in Svizzera \u00e8 l&#8217;Incaricato federale per la protezione dei dati e l&#8217;informazione: https:\/\/www.edoeb.admin.ch<\/p>\n<h3>3.8 Modifiche all&#8217;informativa sulla privacy<\/h3>\n<p>Possiamo modificare la presente informativa sulla privacy in qualsiasi momento. Le modifiche saranno pubblicate su , non sarai informato separatamente.<\/p>\n<h2>4. singole operazioni di trattamento dei dati<\/h2>\n<h3>4.1 Fornitura del sito web e creazione di file di log<\/h3>\n<h4>Quali informazioni riceviamo e come le utilizziamo?<\/h4>\n<p>Quando visiti il sito, alcuni dati vengono automaticamente memorizzati sui nostri server o sui server di servizi e prodotti che acquistiamo e\/o facciamo installare per scopi di amministrazione del sistema, statistici, di backup o di tracciamento. Questi sono:<\/p>\n<ul>\n<li>il nome del tuo provider di servizi internet;<\/li>\n<li>Il tuo indirizzo IP (in determinate circostanze);<\/li>\n<li>la versione del software del tuo browser;<\/li>\n<li>il sistema operativo del computer utilizzato per accedere all&#8217;URL;<\/li>\n<li>la data e l&#8217;ora di accesso;<\/li>\n<li>il sito web dal quale stai visitando l&#8217;URL;<\/li>\n<li>i termini di ricerca utilizzati per trovare l&#8217;URL.<\/li>\n<\/ul>\n<h4>Perch\u00e9 siamo autorizzati a trattare questi dati?<\/h4>\n<p>Questi dati non possono essere assegnati a una persona specifica e non vengono uniti ad altre fonti di dati. I file di log vengono memorizzati per garantire la funzionalit\u00e0 del sito web e per assicurare la sicurezza dei nostri sistemi informatici. Questo \u00e8 il nostro legittimo interesse.<\/p>\n<h4>Come puoi impedire la raccolta dei dati?<\/h4>\n<p>I dati vengono conservati solo per il tempo necessario a raggiungere lo scopo per cui sono stati raccolti. Di conseguenza, i dati vengono cancellati al termine di ogni sessione. La memorizzazione dei file di log \u00e8 assolutamente necessaria per il funzionamento del sito web; pertanto, non hai alcuna possibilit\u00e0 di opporti.<\/p>\n<\/p>\n<h3>4.2 Font Awesome<\/h3>\n<p>Font Awesome \u00e8 gestito da Fonticons, Inc. con sede in 6 Porter Road, Apartment 3R, Cambridge, MA 02140, USA. Font Awesome \u00e8 una raccolta di icone vettoriali scalabili che permette agli sviluppatori di siti web di integrare varie icone e loghi sociali nei loro siti web.<\/p>\n<p>Utilizziamo Font Awesome per integrare le icone visive sul nostro sito web. Ci\u00f2 pu\u00f2 includere, ad esempio, icone per le interfacce utente, link ai social media o altre rappresentazioni grafiche che migliorano il design e l&#8217;esperienza utente del nostro sito web.<\/p>\n<p>Font Awesome pu\u00f2 scaricare i web font dai server di Fonticons, Inc. quando un utente visita il nostro sito web. L&#8217;indirizzo IP dell&#8217;utente viene inviato a Fonticons, Inc. inviato. Questo \u00e8 necessario affinch\u00e9 il browser web dell&#8217;utente possa visualizzare correttamente le icone di Font Awesome.<\/p>\n<p>Fonticons, Inc. memorizza gli indirizzi IP degli utenti solo per un breve periodo ed esclusivamente allo scopo di fornire le icone Font Awesome. Non viene effettuata alcuna ulteriore conservazione o analisi.<\/p>\n<h3>4.3 Weglot<\/h3>\n<p>Weglot \u00e8 un prodotto di Weglot SAS, con sede in 138 Rue Amelot, 75011 Parigi, Francia. Weglot \u00e8 una piattaforma di gestione delle traduzioni che consente ai gestori di siti web di tradurre i propri contenuti in modo rapido ed efficiente in diverse lingue e di fornire cos\u00ec un sito web multilingue.<\/p>\n<p>Utilizziamo Weglot sul nostro sito web per offrire ai nostri visitatori un&#8217;esperienza d&#8217;uso multilingue. Quando l&#8217;utente seleziona una lingua dall&#8217;apposito menu a tendina, Weglot traduce automaticamente il contenuto del sito web nella lingua selezionata, aumentando l&#8217;accessibilit\u00e0 e la fruibilit\u00e0 per un pubblico internazionale.<\/p>\n<p>Weglot utilizza i cookie per salvare l&#8217;impostazione della lingua selezionata dall&#8217;utente e per garantire che il sito web venga visualizzato in questa lingua nelle visite future. Inoltre, Weglot pu\u00f2 raccogliere indirizzi IP e informazioni sul browser per migliorare la qualit\u00e0 dei suoi servizi di traduzione e per garantire che venga fornita la versione linguistica corretta in base alla posizione dell&#8217;utente.<\/p>\n<h3>4.4 WordPress<\/h3>\n<p>Il nostro sito web \u00e8 basato sulla piattaforma WordPress, un sistema di gestione dei contenuti sviluppato da Automattic Inc, 60 29th Street #343, San Francisco, CA 94110, USA. WordPress ci permette di creare, gestire e pubblicare contenuti.<\/p>\n<p>Quando utilizzi il nostro sito web, che \u00e8 basato su WordPress, possono essere raccolti e memorizzati vari dati, tra cui il tuo indirizzo IP, la data e l&#8217;ora di accesso e le informazioni sul browser che stai utilizzando. Questi dati vengono utilizzati principalmente per scopi amministrativi e per garantire un funzionamento senza problemi del sito web.<\/p>\n<p>Alcune funzioni di WordPress, come i commenti o i moduli di contatto, possono raccogliere ulteriori dati personali quando l&#8217;utente li utilizza.<\/p>\n<h3>Generatori di BrainBox<\/h3>\n<p>BrainBox Generators \u00e8 un servizio fornito da <a href=\"https:\/\/brainbox.swiss\/\" target=\"_blank\" rel=\"nofollow noopener\">BrainBox Solutions GmbH<\/a> per riconoscere tutti i servizi rilevanti per la protezione dei dati su un sito web e, tra le altre cose, per aiutare a creare l&#8217;informativa sulla privacy. Nel corso del processo non vengono raccolti o elaborati dati personali.<\/p>\n\t\t\t\t\t\t\t\t<\/div>\n\t\t\t\t<\/div>\n\t\t\t\t\t<\/div>\n\t\t\t\t<\/div>\n\t\t\t\t<\/div>\n\t\t","protected":false},"excerpt":{"rendered":"<p>Informativa sulla privacy Ultimo aggiornamento: 01.03.2024 Attribuiamo grande importanza alla gestione trasparente dei dati personali. La presente informativa sulla privacy fornisce informazioni su quali dati personali raccogliamo, per quali scopi e a chi li trasmettiamo. Per garantire un elevato livello di trasparenza, la presente informativa sulla privacy viene regolarmente rivista e aggiornata. 1. quali servizi [&hellip;]<\/p>\n","protected":false},"author":1,"featured_media":0,"parent":0,"menu_order":0,"comment_status":"closed","ping_status":"closed","template":"","meta":{"_acf_changed":false,"footnotes":""},"class_list":["post-1178","page","type-page","status-publish","hentry"],"acf":[],"yoast_head":"<!-- This site is optimized with the Yoast SEO plugin v27.4 - https:\/\/yoast.com\/product\/yoast-seo-wordpress\/ -->\n<title>Informativa sulla privacy<\/title>\n<meta name=\"robots\" content=\"noindex, nofollow\" \/>\n<meta property=\"og:locale\" content=\"it_IT\" \/>\n<meta property=\"og:type\" content=\"article\" \/>\n<meta property=\"og:title\" content=\"Informativa sulla privacy\" \/>\n<meta property=\"og:description\" content=\"Informativa sulla privacy Ultimo aggiornamento: 01.03.2024 Attribuiamo grande importanza alla gestione trasparente dei dati personali. La presente informativa sulla privacy fornisce informazioni su quali dati personali raccogliamo, per quali scopi e a chi li trasmettiamo. Per garantire un elevato livello di trasparenza, la presente informativa sulla privacy viene regolarmente rivista e aggiornata. 1. quali servizi [&hellip;]\" \/>\n<meta property=\"og:url\" content=\"https:\/\/www.swissprivateschoolregister.com\/it\/informativa-sulla-privacy\/\" \/>\n<meta property=\"og:site_name\" content=\"Privatschulregister Schweiz\" \/>\n<meta property=\"article:modified_time\" content=\"2024-07-22T20:43:14+00:00\" \/>\n<meta name=\"twitter:card\" content=\"summary_large_image\" \/>\n<meta name=\"twitter:label1\" content=\"Tempo di lettura stimato\" \/>\n\t<meta name=\"twitter:data1\" content=\"10 minuti\" \/>\n<script type=\"application\/ld+json\" class=\"yoast-schema-graph\">{\"@context\":\"https:\\\/\\\/schema.org\",\"@graph\":[{\"@type\":\"WebPage\",\"@id\":\"https:\\\/\\\/www.swissprivateschoolregister.com\\\/it\\\/informativa-sulla-privacy\\\/\",\"url\":\"https:\\\/\\\/www.swissprivateschoolregister.com\\\/it\\\/informativa-sulla-privacy\\\/\",\"name\":\"Informativa sulla privacy\",\"isPartOf\":{\"@id\":\"https:\\\/\\\/www.swissprivateschoolregister.com\\\/it\\\/#website\"},\"datePublished\":\"2024-02-23T10:57:53+00:00\",\"dateModified\":\"2024-07-22T20:43:14+00:00\",\"breadcrumb\":{\"@id\":\"https:\\\/\\\/www.swissprivateschoolregister.com\\\/it\\\/informativa-sulla-privacy\\\/#breadcrumb\"},\"inLanguage\":\"it-IT\",\"potentialAction\":[{\"@type\":\"ReadAction\",\"target\":[\"https:\\\/\\\/www.swissprivateschoolregister.com\\\/it\\\/informativa-sulla-privacy\\\/\"]}]},{\"@type\":\"BreadcrumbList\",\"@id\":\"https:\\\/\\\/www.swissprivateschoolregister.com\\\/it\\\/informativa-sulla-privacy\\\/#breadcrumb\",\"itemListElement\":[{\"@type\":\"ListItem\",\"position\":1,\"name\":\"Home\",\"item\":\"https:\\\/\\\/www.swissprivateschoolregister.com\\\/it\\\/home-homepage\\\/\"},{\"@type\":\"ListItem\",\"position\":2,\"name\":\"Informativa sulla privacy\"}]},{\"@type\":\"WebSite\",\"@id\":\"https:\\\/\\\/www.swissprivateschoolregister.com\\\/it\\\/#website\",\"url\":\"https:\\\/\\\/www.swissprivateschoolregister.com\\\/it\\\/\",\"name\":\"Privatschulregister Schweiz\",\"description\":\"\",\"publisher\":{\"@id\":\"https:\\\/\\\/www.swissprivateschoolregister.com\\\/it\\\/#organization\"},\"potentialAction\":[{\"@type\":\"SearchAction\",\"target\":{\"@type\":\"EntryPoint\",\"urlTemplate\":\"https:\\\/\\\/www.swissprivateschoolregister.com\\\/it\\\/?s={search_term_string}\"},\"query-input\":{\"@type\":\"PropertyValueSpecification\",\"valueRequired\":true,\"valueName\":\"search_term_string\"}}],\"inLanguage\":\"it-IT\"},{\"@type\":\"Organization\",\"@id\":\"https:\\\/\\\/www.swissprivateschoolregister.com\\\/it\\\/#organization\",\"name\":\"Privatschulregister Schweiz\",\"url\":\"https:\\\/\\\/www.swissprivateschoolregister.com\\\/it\\\/\",\"logo\":{\"@type\":\"ImageObject\",\"inLanguage\":\"it-IT\",\"@id\":\"https:\\\/\\\/www.swissprivateschoolregister.com\\\/it\\\/#\\\/schema\\\/logo\\\/image\\\/\",\"url\":\"https:\\\/\\\/www.swissprivateschoolregister.com\\\/wp-content\\\/uploads\\\/2024\\\/02\\\/Logo-PSR_vektorisiert.png\",\"contentUrl\":\"https:\\\/\\\/www.swissprivateschoolregister.com\\\/wp-content\\\/uploads\\\/2024\\\/02\\\/Logo-PSR_vektorisiert.png\",\"width\":420,\"height\":298,\"caption\":\"Privatschulregister Schweiz\"},\"image\":{\"@id\":\"https:\\\/\\\/www.swissprivateschoolregister.com\\\/it\\\/#\\\/schema\\\/logo\\\/image\\\/\"}}]}<\/script>\n<!-- \/ Yoast SEO plugin. -->","yoast_head_json":{"title":"Informativa sulla privacy","robots":{"index":"noindex","follow":"nofollow"},"og_locale":"it_IT","og_type":"article","og_title":"Informativa sulla privacy","og_description":"Informativa sulla privacy Ultimo aggiornamento: 01.03.2024 Attribuiamo grande importanza alla gestione trasparente dei dati personali. La presente informativa sulla privacy fornisce informazioni su quali dati personali raccogliamo, per quali scopi e a chi li trasmettiamo. Per garantire un elevato livello di trasparenza, la presente informativa sulla privacy viene regolarmente rivista e aggiornata. 1. quali servizi [&hellip;]","og_url":"https:\/\/www.swissprivateschoolregister.com\/it\/informativa-sulla-privacy\/","og_site_name":"Privatschulregister Schweiz","article_modified_time":"2024-07-22T20:43:14+00:00","twitter_card":"summary_large_image","twitter_misc":{"Tempo di lettura stimato":"10 minuti"},"schema":{"@context":"https:\/\/schema.org","@graph":[{"@type":"WebPage","@id":"https:\/\/www.swissprivateschoolregister.com\/it\/informativa-sulla-privacy\/","url":"https:\/\/www.swissprivateschoolregister.com\/it\/informativa-sulla-privacy\/","name":"Informativa sulla privacy","isPartOf":{"@id":"https:\/\/www.swissprivateschoolregister.com\/it\/#website"},"datePublished":"2024-02-23T10:57:53+00:00","dateModified":"2024-07-22T20:43:14+00:00","breadcrumb":{"@id":"https:\/\/www.swissprivateschoolregister.com\/it\/informativa-sulla-privacy\/#breadcrumb"},"inLanguage":"it-IT","potentialAction":[{"@type":"ReadAction","target":["https:\/\/www.swissprivateschoolregister.com\/it\/informativa-sulla-privacy\/"]}]},{"@type":"BreadcrumbList","@id":"https:\/\/www.swissprivateschoolregister.com\/it\/informativa-sulla-privacy\/#breadcrumb","itemListElement":[{"@type":"ListItem","position":1,"name":"Home","item":"https:\/\/www.swissprivateschoolregister.com\/it\/home-homepage\/"},{"@type":"ListItem","position":2,"name":"Informativa sulla privacy"}]},{"@type":"WebSite","@id":"https:\/\/www.swissprivateschoolregister.com\/it\/#website","url":"https:\/\/www.swissprivateschoolregister.com\/it\/","name":"Privatschulregister Schweiz","description":"","publisher":{"@id":"https:\/\/www.swissprivateschoolregister.com\/it\/#organization"},"potentialAction":[{"@type":"SearchAction","target":{"@type":"EntryPoint","urlTemplate":"https:\/\/www.swissprivateschoolregister.com\/it\/?s={search_term_string}"},"query-input":{"@type":"PropertyValueSpecification","valueRequired":true,"valueName":"search_term_string"}}],"inLanguage":"it-IT"},{"@type":"Organization","@id":"https:\/\/www.swissprivateschoolregister.com\/it\/#organization","name":"Privatschulregister Schweiz","url":"https:\/\/www.swissprivateschoolregister.com\/it\/","logo":{"@type":"ImageObject","inLanguage":"it-IT","@id":"https:\/\/www.swissprivateschoolregister.com\/it\/#\/schema\/logo\/image\/","url":"https:\/\/www.swissprivateschoolregister.com\/wp-content\/uploads\/2024\/02\/Logo-PSR_vektorisiert.png","contentUrl":"https:\/\/www.swissprivateschoolregister.com\/wp-content\/uploads\/2024\/02\/Logo-PSR_vektorisiert.png","width":420,"height":298,"caption":"Privatschulregister Schweiz"},"image":{"@id":"https:\/\/www.swissprivateschoolregister.com\/it\/#\/schema\/logo\/image\/"}}]}},"_links":{"self":[{"href":"https:\/\/www.swissprivateschoolregister.com\/it\/wp-json\/wp\/v2\/pages\/1178","targetHints":{"allow":["GET"]}}],"collection":[{"href":"https:\/\/www.swissprivateschoolregister.com\/it\/wp-json\/wp\/v2\/pages"}],"about":[{"href":"https:\/\/www.swissprivateschoolregister.com\/it\/wp-json\/wp\/v2\/types\/page"}],"author":[{"embeddable":true,"href":"https:\/\/www.swissprivateschoolregister.com\/it\/wp-json\/wp\/v2\/users\/1"}],"replies":[{"embeddable":true,"href":"https:\/\/www.swissprivateschoolregister.com\/it\/wp-json\/wp\/v2\/comments?post=1178"}],"version-history":[{"count":0,"href":"https:\/\/www.swissprivateschoolregister.com\/it\/wp-json\/wp\/v2\/pages\/1178\/revisions"}],"wp:attachment":[{"href":"https:\/\/www.swissprivateschoolregister.com\/it\/wp-json\/wp\/v2\/media?parent=1178"}],"curies":[{"name":"wp","href":"https:\/\/api.w.org\/{rel}","templated":true}]}}